{"id":28896,"date":"2018-03-29T17:31:03","date_gmt":"2018-03-29T14:31:03","guid":{"rendered":"http:\/\/sulax.fi\/?page_id=28896"},"modified":"2020-01-27T07:31:41","modified_gmt":"2020-01-27T05:31:41","slug":"home","status":"publish","type":"page","link":"https:\/\/sulax.fi\/en\/","title":{"rendered":"Home"},"content":{"rendered":"<p>[et_pb_section fb_built=&#8221;1&#8243; _builder_version=&#8221;3.22&#8243; background_image=&#8221;https:\/\/sulax.fi\/wp-content\/uploads\/2018\/05\/window-2.jpg&#8221; parallax=&#8221;on&#8221; parallax_method=&#8221;off&#8221;][et_pb_row _builder_version=&#8221;3.25&#8243;][et_pb_column type=&#8221;4_4&#8243; _builder_version=&#8221;3.25&#8243; custom_padding=&#8221;|||&#8221; custom_padding__hover=&#8221;|||&#8221;][et_pb_text _builder_version=&#8221;4.2.2&#8243; header_text_align=&#8221;center&#8221; text_orientation=&#8221;center&#8221;]<\/p>\n<h1>The original heated #1 system since 1986!<\/h1>\n<p>[\/et_pb_text][\/et_pb_column][\/et_pb_row][\/et_pb_section][et_pb_section fb_built=&#8221;1&#8243; specialty=&#8221;on&#8221; module_class_1=&#8221;float-right&#8221; _builder_version=&#8221;3.22&#8243;][et_pb_column type=&#8221;3_4&#8243; specialty_columns=&#8221;3&#8243; _builder_version=&#8221;3.25&#8243; custom_padding=&#8221;|||&#8221; custom_padding__hover=&#8221;|||&#8221;][et_pb_row_inner _builder_version=&#8221;3.25&#8243;][et_pb_column_inner saved_specialty_column_type=&#8221;3_4&#8243; _builder_version=&#8221;3.25&#8243; custom_padding=&#8221;|||&#8221; custom_padding__hover=&#8221;|||&#8221;][et_pb_text _builder_version=&#8221;4.2.2&#8243; background_size=&#8221;initial&#8221; background_position=&#8221;top_left&#8221; background_repeat=&#8221;repeat&#8221;]<\/p>\n<p>Welcome to our base of Sulax heated wiperblades.<br \/>We manufacture our blades in Finland and you can purhase these direct from us or one of us resellers.<\/p>\n<p>Heated windshield wipers to prevent ice and snow build-up to wipers when the visibility and detection comes easier and driving is much safer.<\/p>\n<p>Wipers are available to almost any vehicle.<\/p>\n<p>YES, WE SHIP WORLDWIDE!<\/p>\n<p>When ordering, specify the vehicle make, model, year, length of the blade and voltage (12\/24) Orders by email.<\/p>\n<p>If you have any questions, please do not hesitate to contact us by phone or by e-mail.<\/p>\n<p>[\/et_pb_text][et_pb_shop type=&#8221;product_category&#8221; include_categories=&#8221;74&#8243; columns_number=&#8221;3&#8243; orderby=&#8221;menu_order&#8221; _builder_version=&#8221;4.2.2&#8243;]&nbsp;<br \/>\n[\/et_pb_shop][\/et_pb_column_inner][\/et_pb_row_inner][et_pb_row_inner _builder_version=&#8221;3.25&#8243;][et_pb_column_inner saved_specialty_column_type=&#8221;3_4&#8243; _builder_version=&#8221;3.25&#8243; custom_padding=&#8221;|||&#8221; custom_padding__hover=&#8221;|||&#8221;][et_pb_text _builder_version=&#8221;3.27.4&#8243; text_text_color=&#8221;#ffffff&#8221; background_color=&#8221;#3fade3&#8243; text_orientation=&#8221;center&#8221; background_layout=&#8221;dark&#8221; custom_margin=&#8221;||40px|&#8221; custom_padding=&#8221;20px|20px|20px|20px|true|true&#8221; box_shadow_style=&#8221;preset3&#8243;]<\/p>\n<h2>Never again be blinded by iced-up, frozen windshield wiper blades!<\/h2>\n<p>[\/et_pb_text][et_pb_text _builder_version=&#8221;3.27.4&#8243; custom_margin=&#8221;20px|||&#8221;]One storm will convince you of the benefits of \u201cthe Hot Ones\u201d.<br \/>\n[\/et_pb_text][\/et_pb_column_inner][\/et_pb_row_inner][et_pb_row_inner _builder_version=&#8221;3.25&#8243;][et_pb_column_inner saved_specialty_column_type=&#8221;3_4&#8243; _builder_version=&#8221;3.25&#8243; custom_padding=&#8221;|||&#8221; custom_padding__hover=&#8221;|||&#8221;][et_pb_text _builder_version=&#8221;3.27.4&#8243;]<\/p>\n<h3>\u201cGo in the snow\u201d with greater safety, comfort, and peace of mind!<\/h3>\n<p>Consistent, reliable, ice-free windshield wiper blade performance!<\/p>\n<p>Convenient! Flip a switch to keep your windshield wiper blades de-iced!<\/p>\n<p>Backed up by a no-hassle, 12 month guarantee!<\/p>\n<p>Blades have been \u201ctrucker-tested\u201d and proven in Norway ans Alps blizzards where as much as 1-3m. of snow falls annually.<\/p>\n<p>Awerage lifetime of these blades is 1 year (200,000 km) in use, and no change wiping performance is not noticeable. Remember that they are really easy to remove at summer!<\/p>\n<p>One calibrated heating elements are sealed inside blades, heat from the element radiates through the rubber blade keeping the wiper free of ice. Second element goes up the frame so ice cant build up in there.<\/p>\n<p>Blades are manufactured to reach a temperature above 100\u00b0C in the shop. They are maintain temperatures warm enough to prevent ice from accumulating on the blades, even at -30\u00b0C!<br \/> Typical installation takes about a half hour and requires only simple tools.<\/p>\n<p>Blades need not be removed during warm weather. The same properties that enable them to withstand the temperatures generated by the heating element provide superior wiping performance all year long with or without heat.<\/p>\n<p>Blades are available for almost every arm style including bayonet, saddle mount, side pin, and hook.<br \/> Blades work on both flat and curved windshields for most vehicles including heavy-duty trucks, buses, forest harvesters, cars and vans.<\/p>\n<p>Proven effective storm after storm since 1986, SULAX heated windshield wiper Blades deliver just what you\u2019ve always needed \u2013 consistent reliable totally ice-free windshield wiper blade operation.<\/p>\n<p>\u201cThe Hot Ones\u201d eliminate drivers\u2019 worry, frustration and stress caused by wiper blade icing. Stop playing \u201cwiper-tag\u201d \u2013 trying to catch the wiper in motion to snap and clean it off.<br \/> See clearly instead of peeking through narrow, watery bands of glass left by iced-up wiper blades.<\/p>\n<p>[\/et_pb_text][\/et_pb_column_inner][\/et_pb_row_inner][et_pb_row_inner _builder_version=&#8221;3.25&#8243;][et_pb_column_inner saved_specialty_column_type=&#8221;3_4&#8243; _builder_version=&#8221;3.25&#8243; custom_padding=&#8221;|||&#8221; custom_padding__hover=&#8221;|||&#8221;][et_pb_text _builder_version=&#8221;3.27.4&#8243;]<\/p>\n<h3>Is this a familiar sight in the winter? Compare the difference!<\/h3>\n<p>[\/et_pb_text][\/et_pb_column_inner][\/et_pb_row_inner][et_pb_row_inner column_structure=&#8221;1_2,1_2&#8243; _builder_version=&#8221;3.25&#8243;][et_pb_column_inner type=&#8221;1_2&#8243; saved_specialty_column_type=&#8221;3_4&#8243; _builder_version=&#8221;3.25&#8243; custom_padding=&#8221;|||&#8221; custom_padding__hover=&#8221;|||&#8221;][et_pb_blurb title=&#8221;without Sulax-blades&#8221; image=&#8221;https:\/\/sulax.fi\/wp-content\/uploads\/2018\/05\/sulax-ilman.jpg&#8221; _builder_version=&#8221;3.2&#8243; text_orientation=&#8221;center&#8221;]&nbsp;<br \/>\n[\/et_pb_blurb][\/et_pb_column_inner][et_pb_column_inner type=&#8221;1_2&#8243; saved_specialty_column_type=&#8221;3_4&#8243; _builder_version=&#8221;3.25&#8243; custom_padding=&#8221;|||&#8221; custom_padding__hover=&#8221;|||&#8221;][et_pb_blurb title=&#8221;with Sulax-blades&#8221; image=&#8221;https:\/\/sulax.fi\/wp-content\/uploads\/2018\/05\/sulax-kanssa.jpg&#8221; _builder_version=&#8221;3.2&#8243; text_orientation=&#8221;center&#8221;]&nbsp;<br \/>\n[\/et_pb_blurb][\/et_pb_column_inner][\/et_pb_row_inner][et_pb_row_inner _builder_version=&#8221;3.25&#8243; custom_margin=&#8221;40px|||&#8221;][et_pb_column_inner saved_specialty_column_type=&#8221;3_4&#8243; _builder_version=&#8221;3.25&#8243; custom_padding=&#8221;|||&#8221; custom_padding__hover=&#8221;|||&#8221;][et_pb_cta title=&#8221;Order today!&#8221; button_url=&#8221;https:\/\/sulax.fi\/en\/shop\/&#8221; button_text=&#8221;Choose product&#8221; _builder_version=&#8221;4.2.2&#8243; custom_button=&#8221;on&#8221; button_use_icon=&#8221;off&#8221; animation_style=&#8221;zoom&#8221; hover_enabled=&#8221;0&#8243; box_shadow_style=&#8221;preset3&#8243; box_shadow_style_button=&#8221;preset3&#8243; button_text_color_hover=&#8221;#000000&#8243; button_border_color_hover=&#8221;#000000&#8243; button_bg_color_hover=&#8221;#ffffff&#8221; button_text_size__hover_enabled=&#8221;off&#8221; button_one_text_size__hover_enabled=&#8221;off&#8221; button_two_text_size__hover_enabled=&#8221;off&#8221; button_text_color__hover_enabled=&#8221;on&#8221; button_text_color__hover=&#8221;#000000&#8243; button_one_text_color__hover_enabled=&#8221;off&#8221; button_two_text_color__hover_enabled=&#8221;off&#8221; button_border_width__hover_enabled=&#8221;off&#8221; button_one_border_width__hover_enabled=&#8221;off&#8221; button_two_border_width__hover_enabled=&#8221;off&#8221; button_border_color__hover_enabled=&#8221;on&#8221; button_border_color__hover=&#8221;#000000&#8243; button_one_border_color__hover_enabled=&#8221;off&#8221; button_two_border_color__hover_enabled=&#8221;off&#8221; button_border_radius__hover_enabled=&#8221;off&#8221; button_one_border_radius__hover_enabled=&#8221;off&#8221; button_two_border_radius__hover_enabled=&#8221;off&#8221; button_letter_spacing__hover_enabled=&#8221;off&#8221; button_one_letter_spacing__hover_enabled=&#8221;off&#8221; button_two_letter_spacing__hover_enabled=&#8221;off&#8221; button_bg_color__hover_enabled=&#8221;on&#8221; button_bg_color__hover=&#8221;#ffffff&#8221; button_one_bg_color__hover_enabled=&#8221;off&#8221; button_two_bg_color__hover_enabled=&#8221;off&#8221;][\/et_pb_cta][\/et_pb_column_inner][\/et_pb_row_inner][\/et_pb_column][et_pb_column type=&#8221;1_4&#8243; _builder_version=&#8221;3.25&#8243; custom_padding=&#8221;|||&#8221; custom_padding__hover=&#8221;|||&#8221;][et_pb_sidebar area=&#8221;sidebar-1&#8243; _builder_version=&#8221;3.0.106&#8243;]&nbsp;<br \/>\n[\/et_pb_sidebar][\/et_pb_column][\/et_pb_section]<\/p>\n","protected":false},"excerpt":{"rendered":"<p>The original heated #1 system since 1986!Welcome to our base of Sulax heated wiperblades.We manufacture our blades in Finland and you can purhase these direct from us or one of us resellers. Heated windshield wipers to prevent ice and snow build-up to wipers when the visibility and detection comes easier and driving is much safer. [&hellip;]<\/p>\n","protected":false},"author":6,"featured_media":0,"parent":0,"menu_order":0,"comment_status":"closed","ping_status":"closed","template":"","meta":{"_et_pb_use_builder":"on","_et_pb_old_content":"<p>Tervetuloa<\/p><p>Yum Foods sivuilta l\u00f6yd\u00e4t raaka-aineita mill\u00e4 loihdit aivan loistavia herkkuja terveellisesti.<\/p><p>Mik\u00e4li sinulla on jotain kysytt\u00e4v\u00e4\u00e4, \u00e4lk\u00e4\u00e4 ep\u00e4r\u00f6ik\u00f6 ottaa yhteytt\u00e4.<\/p><p>info@sulax.fi<\/p><p>We offer you awesome products for cooking and baking.<br \/> Here you can find information about products.<\/p><p>Ask shipping cost or if you have anything to ask dont hesitate to contact us.<\/p><p>info@sulax.fi<\/p>","_et_gb_content_width":"","footnotes":""},"class_list":["post-28896","page","type-page","status-publish","hentry"],"yoast_head":"<!-- This site is optimized with the Yoast SEO plugin v27.3 - https:\/\/yoast.com\/product\/yoast-seo-wordpress\/ -->\n<title>Home - Sulax.fi kauppa<\/title>\n<meta name=\"robots\" content=\"index, follow, max-snippet:-1, max-image-preview:large, max-video-preview:-1\" \/>\n<link rel=\"canonical\" href=\"https:\/\/sulax.fi\/en\/\" \/>\n<meta property=\"og:locale\" content=\"en_US\" \/>\n<meta property=\"og:type\" content=\"article\" \/>\n<meta property=\"og:title\" content=\"Home - Sulax.fi kauppa\" \/>\n<meta property=\"og:description\" content=\"The original heated #1 system since 1986!Welcome to our base of Sulax heated wiperblades.We manufacture our blades in Finland and you can purhase these direct from us or one of us resellers. Heated windshield wipers to prevent ice and snow build-up to wipers when the visibility and detection comes easier and driving is much safer. [&hellip;]\" \/>\n<meta property=\"og:url\" content=\"https:\/\/sulax.fi\/en\/\" \/>\n<meta property=\"og:site_name\" content=\"Sulax.fi kauppa\" \/>\n<meta property=\"article:publisher\" content=\"https:\/\/www.facebook.com\/Sulax.fi\/\" \/>\n<meta property=\"article:modified_time\" content=\"2020-01-27T05:31:41+00:00\" \/>\n<meta name=\"twitter:card\" content=\"summary_large_image\" \/>\n<meta name=\"twitter:label1\" content=\"Est. reading time\" \/>\n\t<meta name=\"twitter:data1\" content=\"6 minutes\" \/>\n<script type=\"application\/ld+json\" class=\"yoast-schema-graph\">{\"@context\":\"https:\\\/\\\/schema.org\",\"@graph\":[{\"@type\":\"WebPage\",\"@id\":\"https:\\\/\\\/sulax.fi\\\/en\\\/\",\"url\":\"https:\\\/\\\/sulax.fi\\\/en\\\/\",\"name\":\"Home - Sulax.fi kauppa\",\"isPartOf\":{\"@id\":\"https:\\\/\\\/sulax.fi\\\/#website\"},\"datePublished\":\"2018-03-29T14:31:03+00:00\",\"dateModified\":\"2020-01-27T05:31:41+00:00\",\"breadcrumb\":{\"@id\":\"https:\\\/\\\/sulax.fi\\\/en\\\/#breadcrumb\"},\"inLanguage\":\"en-US\",\"potentialAction\":[{\"@type\":\"ReadAction\",\"target\":[\"https:\\\/\\\/sulax.fi\\\/en\\\/\"]}]},{\"@type\":\"BreadcrumbList\",\"@id\":\"https:\\\/\\\/sulax.fi\\\/en\\\/#breadcrumb\",\"itemListElement\":[{\"@type\":\"ListItem\",\"position\":1,\"name\":\"Home\",\"item\":\"https:\\\/\\\/sulax.fi\\\/en\\\/\"},{\"@type\":\"ListItem\",\"position\":2,\"name\":\"Home\"}]},{\"@type\":\"WebSite\",\"@id\":\"https:\\\/\\\/sulax.fi\\\/#website\",\"url\":\"https:\\\/\\\/sulax.fi\\\/\",\"name\":\"Sulax.fi\",\"description\":\"Sulax-sulat sulattaa j\u00e4\u00e4n\",\"publisher\":{\"@id\":\"https:\\\/\\\/sulax.fi\\\/#organization\"},\"potentialAction\":[{\"@type\":\"SearchAction\",\"target\":{\"@type\":\"EntryPoint\",\"urlTemplate\":\"https:\\\/\\\/sulax.fi\\\/?s={search_term_string}\"},\"query-input\":{\"@type\":\"PropertyValueSpecification\",\"valueRequired\":true,\"valueName\":\"search_term_string\"}}],\"inLanguage\":\"en-US\"},{\"@type\":\"Organization\",\"@id\":\"https:\\\/\\\/sulax.fi\\\/#organization\",\"name\":\"Sulax\",\"url\":\"https:\\\/\\\/sulax.fi\\\/\",\"logo\":{\"@type\":\"ImageObject\",\"inLanguage\":\"en-US\",\"@id\":\"https:\\\/\\\/sulax.fi\\\/#\\\/schema\\\/logo\\\/image\\\/\",\"url\":\"https:\\\/\\\/sulax.fi\\\/wp-content\\\/uploads\\\/2018\\\/04\\\/sulax-logo.png\",\"contentUrl\":\"https:\\\/\\\/sulax.fi\\\/wp-content\\\/uploads\\\/2018\\\/04\\\/sulax-logo.png\",\"width\":600,\"height\":197,\"caption\":\"Sulax\"},\"image\":{\"@id\":\"https:\\\/\\\/sulax.fi\\\/#\\\/schema\\\/logo\\\/image\\\/\"},\"sameAs\":[\"https:\\\/\\\/www.facebook.com\\\/Sulax.fi\\\/\"]}]}<\/script>\n<!-- \/ Yoast SEO plugin. -->","yoast_head_json":{"title":"Home - Sulax.fi kauppa","robots":{"index":"index","follow":"follow","max-snippet":"max-snippet:-1","max-image-preview":"max-image-preview:large","max-video-preview":"max-video-preview:-1"},"canonical":"https:\/\/sulax.fi\/en\/","og_locale":"en_US","og_type":"article","og_title":"Home - Sulax.fi kauppa","og_description":"The original heated #1 system since 1986!Welcome to our base of Sulax heated wiperblades.We manufacture our blades in Finland and you can purhase these direct from us or one of us resellers. Heated windshield wipers to prevent ice and snow build-up to wipers when the visibility and detection comes easier and driving is much safer. [&hellip;]","og_url":"https:\/\/sulax.fi\/en\/","og_site_name":"Sulax.fi kauppa","article_publisher":"https:\/\/www.facebook.com\/Sulax.fi\/","article_modified_time":"2020-01-27T05:31:41+00:00","twitter_card":"summary_large_image","twitter_misc":{"Est. reading time":"6 minutes"},"schema":{"@context":"https:\/\/schema.org","@graph":[{"@type":"WebPage","@id":"https:\/\/sulax.fi\/en\/","url":"https:\/\/sulax.fi\/en\/","name":"Home - Sulax.fi kauppa","isPartOf":{"@id":"https:\/\/sulax.fi\/#website"},"datePublished":"2018-03-29T14:31:03+00:00","dateModified":"2020-01-27T05:31:41+00:00","breadcrumb":{"@id":"https:\/\/sulax.fi\/en\/#breadcrumb"},"inLanguage":"en-US","potentialAction":[{"@type":"ReadAction","target":["https:\/\/sulax.fi\/en\/"]}]},{"@type":"BreadcrumbList","@id":"https:\/\/sulax.fi\/en\/#breadcrumb","itemListElement":[{"@type":"ListItem","position":1,"name":"Home","item":"https:\/\/sulax.fi\/en\/"},{"@type":"ListItem","position":2,"name":"Home"}]},{"@type":"WebSite","@id":"https:\/\/sulax.fi\/#website","url":"https:\/\/sulax.fi\/","name":"Sulax.fi","description":"Sulax-sulat sulattaa j\u00e4\u00e4n","publisher":{"@id":"https:\/\/sulax.fi\/#organization"},"potentialAction":[{"@type":"SearchAction","target":{"@type":"EntryPoint","urlTemplate":"https:\/\/sulax.fi\/?s={search_term_string}"},"query-input":{"@type":"PropertyValueSpecification","valueRequired":true,"valueName":"search_term_string"}}],"inLanguage":"en-US"},{"@type":"Organization","@id":"https:\/\/sulax.fi\/#organization","name":"Sulax","url":"https:\/\/sulax.fi\/","logo":{"@type":"ImageObject","inLanguage":"en-US","@id":"https:\/\/sulax.fi\/#\/schema\/logo\/image\/","url":"https:\/\/sulax.fi\/wp-content\/uploads\/2018\/04\/sulax-logo.png","contentUrl":"https:\/\/sulax.fi\/wp-content\/uploads\/2018\/04\/sulax-logo.png","width":600,"height":197,"caption":"Sulax"},"image":{"@id":"https:\/\/sulax.fi\/#\/schema\/logo\/image\/"},"sameAs":["https:\/\/www.facebook.com\/Sulax.fi\/"]}]}},"jetpack_sharing_enabled":true,"_links":{"self":[{"href":"https:\/\/sulax.fi\/en\/wp-json\/wp\/v2\/pages\/28896","targetHints":{"allow":["GET"]}}],"collection":[{"href":"https:\/\/sulax.fi\/en\/wp-json\/wp\/v2\/pages"}],"about":[{"href":"https:\/\/sulax.fi\/en\/wp-json\/wp\/v2\/types\/page"}],"author":[{"embeddable":true,"href":"https:\/\/sulax.fi\/en\/wp-json\/wp\/v2\/users\/6"}],"replies":[{"embeddable":true,"href":"https:\/\/sulax.fi\/en\/wp-json\/wp\/v2\/comments?post=28896"}],"version-history":[{"count":14,"href":"https:\/\/sulax.fi\/en\/wp-json\/wp\/v2\/pages\/28896\/revisions"}],"predecessor-version":[{"id":31217,"href":"https:\/\/sulax.fi\/en\/wp-json\/wp\/v2\/pages\/28896\/revisions\/31217"}],"wp:attachment":[{"href":"https:\/\/sulax.fi\/en\/wp-json\/wp\/v2\/media?parent=28896"}],"curies":[{"name":"wp","href":"https:\/\/api.w.org\/{rel}","templated":true}]}}