{"id":29171,"date":"2018-05-02T13:07:26","date_gmt":"2018-05-02T10:07:26","guid":{"rendered":"http:\/\/sulax.fi\/?page_id=29171"},"modified":"2018-06-12T10:10:46","modified_gmt":"2018-06-12T07:10:46","slug":"hem","status":"publish","type":"page","link":"https:\/\/sulax.fi\/sv\/","title":{"rendered":"Hem"},"content":{"rendered":"<p>[et_pb_section fb_built=&#8221;1&#8243; _builder_version=&#8221;3.2&#8243; background_image=&#8221;http:\/\/sulax.fi\/wp-content\/uploads\/2018\/05\/window-2.jpg&#8221; parallax=&#8221;on&#8221; parallax_method=&#8221;off&#8221;][et_pb_row _builder_version=&#8221;3.0.106&#8243;][et_pb_column type=&#8221;4_4&#8243; _builder_version=&#8221;3.0.47&#8243; parallax=&#8221;off&#8221; parallax_method=&#8221;on&#8221;][et_pb_text _builder_version=&#8221;3.2&#8243; header_text_align=&#8221;center&#8221; text_orientation=&#8221;center&#8221;]<\/p>\n<h1>B\u00e4sta uppv\u00e4rmda vindrutetorkarblad sedan \u00e5r 1986!<\/h1>\n<p>[\/et_pb_text][\/et_pb_column][\/et_pb_row][\/et_pb_section][et_pb_section fb_built=&#8221;1&#8243; specialty=&#8221;on&#8221; module_class_1=&#8221;float-right&#8221; _builder_version=&#8221;3.0.106&#8243;][et_pb_column type=&#8221;3_4&#8243; specialty_columns=&#8221;3&#8243; _builder_version=&#8221;3.0.47&#8243; parallax=&#8221;off&#8221; parallax_method=&#8221;on&#8221; module_class=&#8221;float-right&#8221;][et_pb_row_inner _builder_version=&#8221;3.0.106&#8243;][et_pb_column_inner type=&#8221;4_4&#8243; saved_specialty_column_type=&#8221;3_4&#8243; _builder_version=&#8221;3.0.47&#8243; parallax=&#8221;off&#8221; parallax_method=&#8221;on&#8221;][et_pb_text _builder_version=&#8221;3.2&#8243; background_size=&#8221;initial&#8221; background_position=&#8221;top_left&#8221; background_repeat=&#8221;repeat&#8221;]Uppv\u00e4rmda vindrutetorkarblad f\u00f6rebygger is och sn\u00f6 fr\u00e5n att samlas p\u00e5 torkarbladena, synligheten och observations f\u00f6rm\u00e5gan f\u00f6rb\u00e4ttras och k\u00f6rningen blir s\u00e4krare.<br \/>\n[\/et_pb_text][et_pb_shop type=&#8221;product_category&#8221; include_categories=&#8221;73&#8243; columns_number=&#8221;3&#8243; _builder_version=&#8221;3.2&#8243;][\/et_pb_shop][\/et_pb_column_inner][\/et_pb_row_inner][et_pb_row_inner _builder_version=&#8221;3.2&#8243;][et_pb_column_inner type=&#8221;4_4&#8243; saved_specialty_column_type=&#8221;3_4&#8243; _builder_version=&#8221;3.0.47&#8243; parallax=&#8221;off&#8221; parallax_method=&#8221;on&#8221;][et_pb_text _builder_version=&#8221;3.2&#8243; text_text_color=&#8221;#ffffff&#8221; background_color=&#8221;#3fade3&#8243; box_shadow_style=&#8221;preset3&#8243; text_orientation=&#8221;center&#8221; background_layout=&#8221;dark&#8221; custom_margin=&#8221;||40px|&#8221; custom_padding=&#8221;20px|20px|20px|20px|true|true&#8221;]<\/p>\n<h2>\u00a0Aldrig isiga eller sn\u00f6iga torkarblad igen!<\/h2>\n<p>[\/et_pb_text][et_pb_text _builder_version=&#8221;3.2&#8243; custom_margin=&#8221;20px|||&#8221;]Sulax torkare tillsammansmed fordonetsv\u00e4rmesystem tar bort on\u00f6diga stopp som f\u00f6rorsakar anstr\u00e4ngning, frustration och stress.<br \/>\n[\/et_pb_text][\/et_pb_column_inner][\/et_pb_row_inner][et_pb_row_inner _builder_version=&#8221;3.2&#8243;][et_pb_column_inner type=&#8221;4_4&#8243; saved_specialty_column_type=&#8221;3_4&#8243; _builder_version=&#8221;3.0.47&#8243; parallax=&#8221;off&#8221; parallax_method=&#8221;on&#8221;][et_pb_text _builder_version=&#8221;3.2&#8243;]<\/p>\n<h3>Torkarbladena sm\u00e4lter effektivt bort sn\u00f6, sn\u00f6blandat regn eller underkylt regn!<\/h3>\n<p>De l\u00e5ter dej forts\u00e4tta din f\u00e4rd n\u00e4r andra hamnar att stanna f\u00f6r att reng\u00f6ra sina torkare.<\/p>\n<p>De speciellt utvecklade silikongummit i torkarbladet \u00e4r enormt h\u00e5llbart.Silikongummits blad h\u00e5ller vindrutan exceptionellt rent b\u00e5de vinter och sommar.<\/p>\n<p>Sulax torkarblad bygger p\u00e5 de tv\u00e5 cirka hundra (100\u00b0C) graders elektriska motst\u00e5ndstr\u00e5dar som v\u00e4rms upp, varav den ena \u00e4r g\u00e4ngad in i silikongummit i torkarbladet och den andra \u00e4r bunden till torkarbladets ram f\u00f6r att f\u00e5 isfria fogar \/ leder.<br \/>\n[\/et_pb_text][\/et_pb_column_inner][\/et_pb_row_inner][et_pb_row_inner _builder_version=&#8221;3.2&#8243;][et_pb_column_inner type=&#8221;4_4&#8243; saved_specialty_column_type=&#8221;3_4&#8243; _builder_version=&#8221;3.0.47&#8243; parallax=&#8221;off&#8221; parallax_method=&#8221;on&#8221;][et_pb_text _builder_version=&#8221;3.2&#8243;]<\/p>\n<ul>\n<li>Fungerar till och med i -40\u00b0C k\u00f6ld, f\u00f6rebygger is och sn\u00f6 fr\u00e5n att fastna.<\/li>\n<li>Installationen \u00e4r enkel, snabb och kr\u00e4ver endast enkla verktyg.<\/li>\n<li>Ancotorkarblad finns att f\u00e5s till de flesta fordon d\u00e4r det finns en ram till torkarblad.<\/li>\n<li>Ancotorkarblad tar borton\u00f6diga stopp som f\u00f6rorsakar anstr\u00e4ngning, frustration och stress.<\/li>\n<\/ul>\n<p>[\/et_pb_text][\/et_pb_column_inner][\/et_pb_row_inner][et_pb_row_inner _builder_version=&#8221;3.2&#8243;][et_pb_column_inner type=&#8221;4_4&#8243; saved_specialty_column_type=&#8221;3_4&#8243; _builder_version=&#8221;3.0.47&#8243; parallax=&#8221;off&#8221; parallax_method=&#8221;on&#8221;][et_pb_text _builder_version=&#8221;3.2&#8243;]<\/p>\n<h3>Detta \u00e4r en bekant syn p\u00e5 vintern? J\u00e4mf\u00f6r skillnaden!<\/h3>\n<p>[\/et_pb_text][\/et_pb_column_inner][\/et_pb_row_inner][et_pb_row_inner _builder_version=&#8221;3.2&#8243;][et_pb_column_inner type=&#8221;1_2&#8243; saved_specialty_column_type=&#8221;3_4&#8243; _builder_version=&#8221;3.0.47&#8243; parallax=&#8221;off&#8221; parallax_method=&#8221;on&#8221;][et_pb_blurb title=&#8221;utan Sulax-torkar&#8221; image=&#8221;http:\/\/sulax.fi\/wp-content\/uploads\/2018\/05\/sulax-ilman.jpg&#8221; _builder_version=&#8221;3.2&#8243; text_orientation=&#8221;center&#8221;]<br \/>\n[\/et_pb_blurb][\/et_pb_column_inner][et_pb_column_inner type=&#8221;1_2&#8243; saved_specialty_column_type=&#8221;3_4&#8243; _builder_version=&#8221;3.0.47&#8243; parallax=&#8221;off&#8221; parallax_method=&#8221;on&#8221;][et_pb_blurb title=&#8221;med Sulax-torkar&#8221; image=&#8221;http:\/\/sulax.fi\/wp-content\/uploads\/2018\/05\/sulax-kanssa.jpg&#8221; _builder_version=&#8221;3.2&#8243; text_orientation=&#8221;center&#8221;]<br \/>\n[\/et_pb_blurb][\/et_pb_column_inner][\/et_pb_row_inner][et_pb_row_inner _builder_version=&#8221;3.2&#8243; custom_margin=&#8221;40px|||&#8221;][et_pb_column_inner type=&#8221;4_4&#8243; saved_specialty_column_type=&#8221;3_4&#8243; _builder_version=&#8221;3.0.47&#8243; parallax=&#8221;off&#8221; parallax_method=&#8221;on&#8221;][et_pb_cta title=&#8221;Best\u00e4ll idag!&#8221; button_url=&#8221;http:\/\/sulax.fi\/sv\/produkter\/&#8221; button_text=&#8221;V\u00e4lja fr\u00e5n produkter&#8221; _builder_version=&#8221;3.6&#8243; custom_button=&#8221;on&#8221; button_use_icon=&#8221;off&#8221; button_text_color_hover=&#8221;#000000&#8243; button_bg_color_hover=&#8221;#ffffff&#8221; button_border_color_hover=&#8221;#000000&#8243; box_shadow_style=&#8221;preset3&#8243; box_shadow_style_button=&#8221;preset3&#8243; animation_style=&#8221;zoom&#8221;]<br \/>\n[\/et_pb_cta][\/et_pb_column_inner][\/et_pb_row_inner][\/et_pb_column][et_pb_column type=&#8221;1_4&#8243; _builder_version=&#8221;3.0.47&#8243; parallax=&#8221;off&#8221; parallax_method=&#8221;on&#8221;][et_pb_sidebar area=&#8221;sidebar-1&#8243; _builder_version=&#8221;3.0.106&#8243;][\/et_pb_sidebar][\/et_pb_column][\/et_pb_section]<\/p>\n","protected":false},"excerpt":{"rendered":"<p>B\u00e4sta uppv\u00e4rmda vindrutetorkarblad sedan \u00e5r 1986! Uppv\u00e4rmda vindrutetorkarblad f\u00f6rebygger is och sn\u00f6 fr\u00e5n att samlas p\u00e5 torkarbladena, synligheten och observations f\u00f6rm\u00e5gan f\u00f6rb\u00e4ttras och k\u00f6rningen blir s\u00e4krare. \u00a0Aldrig isiga eller sn\u00f6iga torkarblad igen! Sulax torkare tillsammansmed fordonetsv\u00e4rmesystem tar bort on\u00f6diga stopp som f\u00f6rorsakar anstr\u00e4ngning, frustration och stress. Torkarbladena sm\u00e4lter effektivt bort sn\u00f6, sn\u00f6blandat regn eller underkylt [&hellip;]<\/p>\n","protected":false},"author":6,"featured_media":0,"parent":0,"menu_order":0,"comment_status":"closed","ping_status":"closed","template":"","meta":{"_et_pb_use_builder":"on","_et_pb_old_content":"<p>Tervetuloa<\/p><p>Yum Foods sivuilta l\u00f6yd\u00e4t raaka-aineita mill\u00e4 loihdit aivan loistavia herkkuja terveellisesti.<\/p><p>Mik\u00e4li sinulla on jotain kysytt\u00e4v\u00e4\u00e4, \u00e4lk\u00e4\u00e4 ep\u00e4r\u00f6ik\u00f6 ottaa yhteytt\u00e4.<\/p><p>info@sulax.fi<\/p><p>We offer you awesome products for cooking and baking.<br \/> Here you can find information about products.<\/p><p>Ask shipping cost or if you have anything to ask dont hesitate to contact us.<\/p><p>info@sulax.fi<\/p>","_et_gb_content_width":"","footnotes":""},"class_list":["post-29171","page","type-page","status-publish","hentry"],"yoast_head":"<!-- This site is optimized with the Yoast SEO plugin v27.3 - https:\/\/yoast.com\/product\/yoast-seo-wordpress\/ -->\n<title>Hem - Sulax.fi sulat<\/title>\n<meta name=\"robots\" content=\"index, follow, max-snippet:-1, max-image-preview:large, max-video-preview:-1\" \/>\n<link rel=\"canonical\" href=\"https:\/\/sulax.fi\/sv\/\" \/>\n<meta property=\"og:locale\" content=\"sv_SE\" \/>\n<meta property=\"og:type\" content=\"article\" \/>\n<meta property=\"og:title\" content=\"Hem - Sulax.fi sulat\" \/>\n<meta property=\"og:description\" content=\"B\u00e4sta uppv\u00e4rmda vindrutetorkarblad sedan \u00e5r 1986! Uppv\u00e4rmda vindrutetorkarblad f\u00f6rebygger is och sn\u00f6 fr\u00e5n att samlas p\u00e5 torkarbladena, synligheten och observations f\u00f6rm\u00e5gan f\u00f6rb\u00e4ttras och k\u00f6rningen blir s\u00e4krare. \u00a0Aldrig isiga eller sn\u00f6iga torkarblad igen! Sulax torkare tillsammansmed fordonetsv\u00e4rmesystem tar bort on\u00f6diga stopp som f\u00f6rorsakar anstr\u00e4ngning, frustration och stress. Torkarbladena sm\u00e4lter effektivt bort sn\u00f6, sn\u00f6blandat regn eller underkylt [&hellip;]\" \/>\n<meta property=\"og:url\" content=\"https:\/\/sulax.fi\/sv\/\" \/>\n<meta property=\"og:site_name\" content=\"Sulax.fi sulat\" \/>\n<meta property=\"article:publisher\" content=\"https:\/\/www.facebook.com\/Sulax.fi\/\" \/>\n<meta property=\"article:modified_time\" content=\"2018-06-12T07:10:46+00:00\" \/>\n<meta name=\"twitter:card\" content=\"summary_large_image\" \/>\n<meta name=\"twitter:label1\" content=\"Ber\u00e4knad l\u00e4stid\" \/>\n\t<meta name=\"twitter:data1\" content=\"4 minuter\" \/>\n<script type=\"application\/ld+json\" class=\"yoast-schema-graph\">{\"@context\":\"https:\\\/\\\/schema.org\",\"@graph\":[{\"@type\":\"WebPage\",\"@id\":\"https:\\\/\\\/sulax.fi\\\/sv\\\/\",\"url\":\"https:\\\/\\\/sulax.fi\\\/sv\\\/\",\"name\":\"Hem - Sulax.fi sulat\",\"isPartOf\":{\"@id\":\"https:\\\/\\\/sulax.fi\\\/#website\"},\"datePublished\":\"2018-05-02T10:07:26+00:00\",\"dateModified\":\"2018-06-12T07:10:46+00:00\",\"breadcrumb\":{\"@id\":\"https:\\\/\\\/sulax.fi\\\/sv\\\/#breadcrumb\"},\"inLanguage\":\"sv-SE\",\"potentialAction\":[{\"@type\":\"ReadAction\",\"target\":[\"https:\\\/\\\/sulax.fi\\\/sv\\\/\"]}]},{\"@type\":\"BreadcrumbList\",\"@id\":\"https:\\\/\\\/sulax.fi\\\/sv\\\/#breadcrumb\",\"itemListElement\":[{\"@type\":\"ListItem\",\"position\":1,\"name\":\"Home\",\"item\":\"https:\\\/\\\/sulax.fi\\\/sv\\\/\"},{\"@type\":\"ListItem\",\"position\":2,\"name\":\"Hem\"}]},{\"@type\":\"WebSite\",\"@id\":\"https:\\\/\\\/sulax.fi\\\/#website\",\"url\":\"https:\\\/\\\/sulax.fi\\\/\",\"name\":\"Sulax.fi\",\"description\":\"Sulattaa j\u00e4\u00e4n!\",\"publisher\":{\"@id\":\"https:\\\/\\\/sulax.fi\\\/#organization\"},\"potentialAction\":[{\"@type\":\"SearchAction\",\"target\":{\"@type\":\"EntryPoint\",\"urlTemplate\":\"https:\\\/\\\/sulax.fi\\\/?s={search_term_string}\"},\"query-input\":{\"@type\":\"PropertyValueSpecification\",\"valueRequired\":true,\"valueName\":\"search_term_string\"}}],\"inLanguage\":\"sv-SE\"},{\"@type\":\"Organization\",\"@id\":\"https:\\\/\\\/sulax.fi\\\/#organization\",\"name\":\"Sulax\",\"url\":\"https:\\\/\\\/sulax.fi\\\/\",\"logo\":{\"@type\":\"ImageObject\",\"inLanguage\":\"sv-SE\",\"@id\":\"https:\\\/\\\/sulax.fi\\\/#\\\/schema\\\/logo\\\/image\\\/\",\"url\":\"https:\\\/\\\/sulax.fi\\\/wp-content\\\/uploads\\\/2018\\\/04\\\/sulax-logo.png\",\"contentUrl\":\"https:\\\/\\\/sulax.fi\\\/wp-content\\\/uploads\\\/2018\\\/04\\\/sulax-logo.png\",\"width\":600,\"height\":197,\"caption\":\"Sulax\"},\"image\":{\"@id\":\"https:\\\/\\\/sulax.fi\\\/#\\\/schema\\\/logo\\\/image\\\/\"},\"sameAs\":[\"https:\\\/\\\/www.facebook.com\\\/Sulax.fi\\\/\"]}]}<\/script>\n<!-- \/ Yoast SEO plugin. -->","yoast_head_json":{"title":"Hem - Sulax.fi sulat","robots":{"index":"index","follow":"follow","max-snippet":"max-snippet:-1","max-image-preview":"max-image-preview:large","max-video-preview":"max-video-preview:-1"},"canonical":"https:\/\/sulax.fi\/sv\/","og_locale":"sv_SE","og_type":"article","og_title":"Hem - Sulax.fi sulat","og_description":"B\u00e4sta uppv\u00e4rmda vindrutetorkarblad sedan \u00e5r 1986! Uppv\u00e4rmda vindrutetorkarblad f\u00f6rebygger is och sn\u00f6 fr\u00e5n att samlas p\u00e5 torkarbladena, synligheten och observations f\u00f6rm\u00e5gan f\u00f6rb\u00e4ttras och k\u00f6rningen blir s\u00e4krare. \u00a0Aldrig isiga eller sn\u00f6iga torkarblad igen! Sulax torkare tillsammansmed fordonetsv\u00e4rmesystem tar bort on\u00f6diga stopp som f\u00f6rorsakar anstr\u00e4ngning, frustration och stress. Torkarbladena sm\u00e4lter effektivt bort sn\u00f6, sn\u00f6blandat regn eller underkylt [&hellip;]","og_url":"https:\/\/sulax.fi\/sv\/","og_site_name":"Sulax.fi sulat","article_publisher":"https:\/\/www.facebook.com\/Sulax.fi\/","article_modified_time":"2018-06-12T07:10:46+00:00","twitter_card":"summary_large_image","twitter_misc":{"Ber\u00e4knad l\u00e4stid":"4 minuter"},"schema":{"@context":"https:\/\/schema.org","@graph":[{"@type":"WebPage","@id":"https:\/\/sulax.fi\/sv\/","url":"https:\/\/sulax.fi\/sv\/","name":"Hem - Sulax.fi sulat","isPartOf":{"@id":"https:\/\/sulax.fi\/#website"},"datePublished":"2018-05-02T10:07:26+00:00","dateModified":"2018-06-12T07:10:46+00:00","breadcrumb":{"@id":"https:\/\/sulax.fi\/sv\/#breadcrumb"},"inLanguage":"sv-SE","potentialAction":[{"@type":"ReadAction","target":["https:\/\/sulax.fi\/sv\/"]}]},{"@type":"BreadcrumbList","@id":"https:\/\/sulax.fi\/sv\/#breadcrumb","itemListElement":[{"@type":"ListItem","position":1,"name":"Home","item":"https:\/\/sulax.fi\/sv\/"},{"@type":"ListItem","position":2,"name":"Hem"}]},{"@type":"WebSite","@id":"https:\/\/sulax.fi\/#website","url":"https:\/\/sulax.fi\/","name":"Sulax.fi","description":"Sulattaa j\u00e4\u00e4n!","publisher":{"@id":"https:\/\/sulax.fi\/#organization"},"potentialAction":[{"@type":"SearchAction","target":{"@type":"EntryPoint","urlTemplate":"https:\/\/sulax.fi\/?s={search_term_string}"},"query-input":{"@type":"PropertyValueSpecification","valueRequired":true,"valueName":"search_term_string"}}],"inLanguage":"sv-SE"},{"@type":"Organization","@id":"https:\/\/sulax.fi\/#organization","name":"Sulax","url":"https:\/\/sulax.fi\/","logo":{"@type":"ImageObject","inLanguage":"sv-SE","@id":"https:\/\/sulax.fi\/#\/schema\/logo\/image\/","url":"https:\/\/sulax.fi\/wp-content\/uploads\/2018\/04\/sulax-logo.png","contentUrl":"https:\/\/sulax.fi\/wp-content\/uploads\/2018\/04\/sulax-logo.png","width":600,"height":197,"caption":"Sulax"},"image":{"@id":"https:\/\/sulax.fi\/#\/schema\/logo\/image\/"},"sameAs":["https:\/\/www.facebook.com\/Sulax.fi\/"]}]}},"jetpack_sharing_enabled":true,"_links":{"self":[{"href":"https:\/\/sulax.fi\/sv\/wp-json\/wp\/v2\/pages\/29171","targetHints":{"allow":["GET"]}}],"collection":[{"href":"https:\/\/sulax.fi\/sv\/wp-json\/wp\/v2\/pages"}],"about":[{"href":"https:\/\/sulax.fi\/sv\/wp-json\/wp\/v2\/types\/page"}],"author":[{"embeddable":true,"href":"https:\/\/sulax.fi\/sv\/wp-json\/wp\/v2\/users\/6"}],"replies":[{"embeddable":true,"href":"https:\/\/sulax.fi\/sv\/wp-json\/wp\/v2\/comments?post=29171"}],"version-history":[{"count":5,"href":"https:\/\/sulax.fi\/sv\/wp-json\/wp\/v2\/pages\/29171\/revisions"}],"predecessor-version":[{"id":29266,"href":"https:\/\/sulax.fi\/sv\/wp-json\/wp\/v2\/pages\/29171\/revisions\/29266"}],"wp:attachment":[{"href":"https:\/\/sulax.fi\/sv\/wp-json\/wp\/v2\/media?parent=29171"}],"curies":[{"name":"wp","href":"https:\/\/api.w.org\/{rel}","templated":true}]}}