{"id":29192,"date":"2018-05-02T13:30:03","date_gmt":"2018-05-02T10:30:03","guid":{"rendered":"http:\/\/sulax.fi\/?page_id=29192"},"modified":"2018-06-12T10:59:46","modified_gmt":"2018-06-12T07:59:46","slug":"kontakt-oss","status":"publish","type":"page","link":"https:\/\/sulax.fi\/sv\/kontakt-oss\/","title":{"rendered":"Kontakt oss"},"content":{"rendered":"<p>[et_pb_section fb_built=&#8221;1&#8243; _builder_version=&#8221;3.2&#8243; background_image=&#8221;http:\/\/sulax.fi\/wp-content\/uploads\/2018\/05\/window-2.jpg&#8221;][et_pb_row _builder_version=&#8221;3.0.106&#8243;][et_pb_column type=&#8221;4_4&#8243; _builder_version=&#8221;3.0.47&#8243; parallax=&#8221;off&#8221; parallax_method=&#8221;on&#8221;][et_pb_text _builder_version=&#8221;3.2&#8243; header_text_align=&#8221;center&#8221;]<\/p>\n<h1>Kontakt oss<\/h1>\n<p>[\/et_pb_text][\/et_pb_column][\/et_pb_row][\/et_pb_section][et_pb_section fb_built=&#8221;1&#8243; admin_label=&#8221;section&#8221; _builder_version=&#8221;3.0.47&#8243;][et_pb_row admin_label=&#8221;row&#8221; _builder_version=&#8221;3.0.47&#8243; background_size=&#8221;initial&#8221; background_position=&#8221;top_left&#8221; background_repeat=&#8221;repeat&#8221;][et_pb_column type=&#8221;1_3&#8243; _builder_version=&#8221;3.0.47&#8243; parallax=&#8221;off&#8221; parallax_method=&#8221;on&#8221;][et_pb_text _builder_version=&#8221;3.6&#8243;]<\/p>\n<h3>Sulax<\/h3>\n<p>Y-FI1009972-9<\/p>\n<p>[\/et_pb_text][\/et_pb_column][et_pb_column type=&#8221;1_3&#8243; _builder_version=&#8221;3.0.47&#8243; parallax=&#8221;off&#8221; parallax_method=&#8221;on&#8221;][et_pb_blurb use_icon=&#8221;on&#8221; icon_color=&#8221;#b6191a&#8221; icon_placement=&#8221;left&#8221; use_icon_font_size=&#8221;on&#8221; icon_font_size=&#8221;44px&#8221; _builder_version=&#8221;3.6&#8243; font_icon=&#8221;%%236%%&#8221;]<\/p>\n<p>Moisiontie 940<br \/>47200 Elim\u00e4ki<\/p>\n<p>[\/et_pb_blurb][\/et_pb_column][et_pb_column type=&#8221;1_3&#8243; _builder_version=&#8221;3.0.47&#8243; parallax=&#8221;off&#8221; parallax_method=&#8221;on&#8221;][et_pb_blurb use_icon=&#8221;on&#8221; icon_color=&#8221;#b6191a&#8221; icon_placement=&#8221;left&#8221; use_icon_font_size=&#8221;on&#8221; icon_font_size=&#8221;44px&#8221; _builder_version=&#8221;3.6&#8243; font_icon=&#8221;%%216%%&#8221;]<\/p>\n<p>p.\u00a0<a href=\"tel:+358443047032\">+358 44 304 7032<\/a><br \/> <a href=\"mailto:info@sulax.fi\">info@sulax.fi<\/a><\/p>\n<p>[\/et_pb_blurb][\/et_pb_column][\/et_pb_row][et_pb_row _builder_version=&#8221;3.6&#8243;][et_pb_column type=&#8221;4_4&#8243; _builder_version=&#8221;3.6&#8243; parallax=&#8221;off&#8221; parallax_method=&#8221;on&#8221;][et_pb_text _builder_version=&#8221;3.6&#8243;]<\/p>\n<h2>\u00c5terf\u00f6rs\u00e4lj\u00e4ren i Sverige<\/h2>\n<p>[\/et_pb_text][et_pb_text _builder_version=&#8221;3.6&#8243;]<\/p>\n<p>&nbsp;<\/p>\n<table style=\"width: 95%;\">\n<tbody>\n<tr>\n<td>Berners Tunga Fordon AB<\/td>\n<td><a href=\"http:\/\/www.bernerstungafordon.se\" target=\"_blank\" rel=\"noopener noreferrer\">www.bernerstungafordon.se<\/a><\/td>\n<\/tr>\n<tr>\n<td>Trailereffekter AB<\/td>\n<td style=\"width: 177.8px;\"><a href=\"http:\/\/www.trailereffekter.se\" target=\"_blank\" rel=\"noopener noreferrer\">www.trailereffekter.se<\/a><\/td>\n<\/tr>\n<tr>\n<td style=\"width: 185px;\"><span style=\"font-weight: 400;\">J\u00f6nk\u00f6ping<\/span><\/td>\n<td style=\"width: 177.8px;\"><span style=\"font-weight: 400;\">036 &#8211; 18 77 70<\/span><\/td>\n<\/tr>\n<tr>\n<td style=\"width: 185px;\"><span style=\"font-weight: 400;\">G\u00f6teborg<\/span><\/td>\n<td style=\"width: 177.8px;\"><span style=\"font-weight: 400;\">031 &#8211; 65 22 00<\/span><\/td>\n<\/tr>\n<tr>\n<td style=\"width: 185px;\"><span style=\"font-weight: 400;\">H\u00e4ssleholm<\/span><\/td>\n<td style=\"width: 177.8px;\"><span style=\"font-weight: 400;\">0451 &#8211; 423 00<\/span><\/td>\n<\/tr>\n<tr>\n<td style=\"width: 185px;\"><span style=\"font-weight: 400;\">Arboga<\/span><\/td>\n<td style=\"width: 177.8px;\"><span style=\"font-weight: 400;\">0589 &#8211; 129 60<\/span><\/td>\n<\/tr>\n<tr>\n<td style=\"width: 185px;\"><span style=\"font-weight: 400;\">\u00a0Lule\u00e5<\/span><\/td>\n<td style=\"width: 177.8px;\"><span style=\"font-weight: 400;\">0920 &#8211; 40 74 10<\/span><\/td>\n<\/tr>\n<tr>\n<td style=\"width: 185px;\"><span style=\"font-weight: 400;\">Timr\u00e5<\/span><\/td>\n<td style=\"width: 177.8px;\"><span style=\"font-weight: 400;\">060 &#8211; 51 50 60<\/span><\/td>\n<\/tr>\n<tr>\n<td style=\"width: 185px;\"><span style=\"font-weight: 400;\">Helsingborg<\/span><\/td>\n<td style=\"width: 177.8px;\"><span style=\"font-weight: 400;\">042 &#8211; 29 20 70<\/span><\/td>\n<\/tr>\n<\/tbody>\n<\/table>\n<p>[\/et_pb_text][\/et_pb_column][\/et_pb_row][\/et_pb_section]<\/p>\n","protected":false},"excerpt":{"rendered":"<p>Kontakt oss Sulax Y-FI1009972-9 Moisiontie 94047200 Elim\u00e4ki p.\u00a0+358 44 304 7032 info@sulax.fi \u00c5terf\u00f6rs\u00e4lj\u00e4ren i Sverige &nbsp; Berners Tunga Fordon AB www.bernerstungafordon.se Trailereffekter AB www.trailereffekter.se J\u00f6nk\u00f6ping 036 &#8211; 18 77 70 G\u00f6teborg 031 &#8211; 65 22 00 H\u00e4ssleholm 0451 &#8211; 423 00 Arboga 0589 &#8211; 129 60 \u00a0Lule\u00e5 0920 &#8211; 40 74 10 Timr\u00e5 060 &#8211; [&hellip;]<\/p>\n","protected":false},"author":6,"featured_media":0,"parent":0,"menu_order":0,"comment_status":"closed","ping_status":"closed","template":"","meta":{"_et_pb_use_builder":"on","_et_pb_old_content":"","_et_gb_content_width":"","footnotes":""},"class_list":["post-29192","page","type-page","status-publish","hentry"],"yoast_head":"<!-- This site is optimized with the Yoast SEO plugin v27.3 - https:\/\/yoast.com\/product\/yoast-seo-wordpress\/ -->\n<title>Kontakt oss - Sulax.fi sulat<\/title>\n<meta name=\"robots\" content=\"index, follow, max-snippet:-1, max-image-preview:large, max-video-preview:-1\" \/>\n<link rel=\"canonical\" href=\"https:\/\/sulax.fi\/sv\/kontakt-oss\/\" \/>\n<meta property=\"og:locale\" content=\"sv_SE\" \/>\n<meta property=\"og:type\" content=\"article\" \/>\n<meta property=\"og:title\" content=\"Kontakt oss - Sulax.fi sulat\" \/>\n<meta property=\"og:description\" content=\"Kontakt oss Sulax Y-FI1009972-9 Moisiontie 94047200 Elim\u00e4ki p.\u00a0+358 44 304 7032 info@sulax.fi \u00c5terf\u00f6rs\u00e4lj\u00e4ren i Sverige &nbsp; Berners Tunga Fordon AB www.bernerstungafordon.se Trailereffekter AB www.trailereffekter.se J\u00f6nk\u00f6ping 036 - 18 77 70 G\u00f6teborg 031 - 65 22 00 H\u00e4ssleholm 0451 - 423 00 Arboga 0589 - 129 60 \u00a0Lule\u00e5 0920 - 40 74 10 Timr\u00e5 060 - [&hellip;]\" \/>\n<meta property=\"og:url\" content=\"https:\/\/sulax.fi\/sv\/kontakt-oss\/\" \/>\n<meta property=\"og:site_name\" content=\"Sulax.fi sulat\" \/>\n<meta property=\"article:publisher\" content=\"https:\/\/www.facebook.com\/Sulax.fi\/\" \/>\n<meta property=\"article:modified_time\" content=\"2018-06-12T07:59:46+00:00\" \/>\n<meta name=\"twitter:card\" content=\"summary_large_image\" \/>\n<meta name=\"twitter:label1\" content=\"Ber\u00e4knad l\u00e4stid\" \/>\n\t<meta name=\"twitter:data1\" content=\"1 minut\" \/>\n<script type=\"application\/ld+json\" class=\"yoast-schema-graph\">{\"@context\":\"https:\\\/\\\/schema.org\",\"@graph\":[{\"@type\":\"WebPage\",\"@id\":\"https:\\\/\\\/sulax.fi\\\/sv\\\/kontakt-oss\\\/\",\"url\":\"https:\\\/\\\/sulax.fi\\\/sv\\\/kontakt-oss\\\/\",\"name\":\"Kontakt oss - Sulax.fi sulat\",\"isPartOf\":{\"@id\":\"https:\\\/\\\/sulax.fi\\\/#website\"},\"datePublished\":\"2018-05-02T10:30:03+00:00\",\"dateModified\":\"2018-06-12T07:59:46+00:00\",\"breadcrumb\":{\"@id\":\"https:\\\/\\\/sulax.fi\\\/sv\\\/kontakt-oss\\\/#breadcrumb\"},\"inLanguage\":\"sv-SE\",\"potentialAction\":[{\"@type\":\"ReadAction\",\"target\":[\"https:\\\/\\\/sulax.fi\\\/sv\\\/kontakt-oss\\\/\"]}]},{\"@type\":\"BreadcrumbList\",\"@id\":\"https:\\\/\\\/sulax.fi\\\/sv\\\/kontakt-oss\\\/#breadcrumb\",\"itemListElement\":[{\"@type\":\"ListItem\",\"position\":1,\"name\":\"Home\",\"item\":\"https:\\\/\\\/sulax.fi\\\/sv\\\/\"},{\"@type\":\"ListItem\",\"position\":2,\"name\":\"Kontakt oss\"}]},{\"@type\":\"WebSite\",\"@id\":\"https:\\\/\\\/sulax.fi\\\/#website\",\"url\":\"https:\\\/\\\/sulax.fi\\\/\",\"name\":\"Sulax.fi\",\"description\":\"Sulattaa j\u00e4\u00e4n!\",\"publisher\":{\"@id\":\"https:\\\/\\\/sulax.fi\\\/#organization\"},\"potentialAction\":[{\"@type\":\"SearchAction\",\"target\":{\"@type\":\"EntryPoint\",\"urlTemplate\":\"https:\\\/\\\/sulax.fi\\\/?s={search_term_string}\"},\"query-input\":{\"@type\":\"PropertyValueSpecification\",\"valueRequired\":true,\"valueName\":\"search_term_string\"}}],\"inLanguage\":\"sv-SE\"},{\"@type\":\"Organization\",\"@id\":\"https:\\\/\\\/sulax.fi\\\/#organization\",\"name\":\"Sulax\",\"url\":\"https:\\\/\\\/sulax.fi\\\/\",\"logo\":{\"@type\":\"ImageObject\",\"inLanguage\":\"sv-SE\",\"@id\":\"https:\\\/\\\/sulax.fi\\\/#\\\/schema\\\/logo\\\/image\\\/\",\"url\":\"https:\\\/\\\/sulax.fi\\\/wp-content\\\/uploads\\\/2018\\\/04\\\/sulax-logo.png\",\"contentUrl\":\"https:\\\/\\\/sulax.fi\\\/wp-content\\\/uploads\\\/2018\\\/04\\\/sulax-logo.png\",\"width\":600,\"height\":197,\"caption\":\"Sulax\"},\"image\":{\"@id\":\"https:\\\/\\\/sulax.fi\\\/#\\\/schema\\\/logo\\\/image\\\/\"},\"sameAs\":[\"https:\\\/\\\/www.facebook.com\\\/Sulax.fi\\\/\"]}]}<\/script>\n<!-- \/ Yoast SEO plugin. -->","yoast_head_json":{"title":"Kontakt oss - Sulax.fi sulat","robots":{"index":"index","follow":"follow","max-snippet":"max-snippet:-1","max-image-preview":"max-image-preview:large","max-video-preview":"max-video-preview:-1"},"canonical":"https:\/\/sulax.fi\/sv\/kontakt-oss\/","og_locale":"sv_SE","og_type":"article","og_title":"Kontakt oss - Sulax.fi sulat","og_description":"Kontakt oss Sulax Y-FI1009972-9 Moisiontie 94047200 Elim\u00e4ki p.\u00a0+358 44 304 7032 info@sulax.fi \u00c5terf\u00f6rs\u00e4lj\u00e4ren i Sverige &nbsp; Berners Tunga Fordon AB www.bernerstungafordon.se Trailereffekter AB www.trailereffekter.se J\u00f6nk\u00f6ping 036 - 18 77 70 G\u00f6teborg 031 - 65 22 00 H\u00e4ssleholm 0451 - 423 00 Arboga 0589 - 129 60 \u00a0Lule\u00e5 0920 - 40 74 10 Timr\u00e5 060 - [&hellip;]","og_url":"https:\/\/sulax.fi\/sv\/kontakt-oss\/","og_site_name":"Sulax.fi sulat","article_publisher":"https:\/\/www.facebook.com\/Sulax.fi\/","article_modified_time":"2018-06-12T07:59:46+00:00","twitter_card":"summary_large_image","twitter_misc":{"Ber\u00e4knad l\u00e4stid":"1 minut"},"schema":{"@context":"https:\/\/schema.org","@graph":[{"@type":"WebPage","@id":"https:\/\/sulax.fi\/sv\/kontakt-oss\/","url":"https:\/\/sulax.fi\/sv\/kontakt-oss\/","name":"Kontakt oss - Sulax.fi sulat","isPartOf":{"@id":"https:\/\/sulax.fi\/#website"},"datePublished":"2018-05-02T10:30:03+00:00","dateModified":"2018-06-12T07:59:46+00:00","breadcrumb":{"@id":"https:\/\/sulax.fi\/sv\/kontakt-oss\/#breadcrumb"},"inLanguage":"sv-SE","potentialAction":[{"@type":"ReadAction","target":["https:\/\/sulax.fi\/sv\/kontakt-oss\/"]}]},{"@type":"BreadcrumbList","@id":"https:\/\/sulax.fi\/sv\/kontakt-oss\/#breadcrumb","itemListElement":[{"@type":"ListItem","position":1,"name":"Home","item":"https:\/\/sulax.fi\/sv\/"},{"@type":"ListItem","position":2,"name":"Kontakt oss"}]},{"@type":"WebSite","@id":"https:\/\/sulax.fi\/#website","url":"https:\/\/sulax.fi\/","name":"Sulax.fi","description":"Sulattaa j\u00e4\u00e4n!","publisher":{"@id":"https:\/\/sulax.fi\/#organization"},"potentialAction":[{"@type":"SearchAction","target":{"@type":"EntryPoint","urlTemplate":"https:\/\/sulax.fi\/?s={search_term_string}"},"query-input":{"@type":"PropertyValueSpecification","valueRequired":true,"valueName":"search_term_string"}}],"inLanguage":"sv-SE"},{"@type":"Organization","@id":"https:\/\/sulax.fi\/#organization","name":"Sulax","url":"https:\/\/sulax.fi\/","logo":{"@type":"ImageObject","inLanguage":"sv-SE","@id":"https:\/\/sulax.fi\/#\/schema\/logo\/image\/","url":"https:\/\/sulax.fi\/wp-content\/uploads\/2018\/04\/sulax-logo.png","contentUrl":"https:\/\/sulax.fi\/wp-content\/uploads\/2018\/04\/sulax-logo.png","width":600,"height":197,"caption":"Sulax"},"image":{"@id":"https:\/\/sulax.fi\/#\/schema\/logo\/image\/"},"sameAs":["https:\/\/www.facebook.com\/Sulax.fi\/"]}]}},"jetpack_sharing_enabled":true,"_links":{"self":[{"href":"https:\/\/sulax.fi\/sv\/wp-json\/wp\/v2\/pages\/29192","targetHints":{"allow":["GET"]}}],"collection":[{"href":"https:\/\/sulax.fi\/sv\/wp-json\/wp\/v2\/pages"}],"about":[{"href":"https:\/\/sulax.fi\/sv\/wp-json\/wp\/v2\/types\/page"}],"author":[{"embeddable":true,"href":"https:\/\/sulax.fi\/sv\/wp-json\/wp\/v2\/users\/6"}],"replies":[{"embeddable":true,"href":"https:\/\/sulax.fi\/sv\/wp-json\/wp\/v2\/comments?post=29192"}],"version-history":[{"count":5,"href":"https:\/\/sulax.fi\/sv\/wp-json\/wp\/v2\/pages\/29192\/revisions"}],"predecessor-version":[{"id":29400,"href":"https:\/\/sulax.fi\/sv\/wp-json\/wp\/v2\/pages\/29192\/revisions\/29400"}],"wp:attachment":[{"href":"https:\/\/sulax.fi\/sv\/wp-json\/wp\/v2\/media?parent=29192"}],"curies":[{"name":"wp","href":"https:\/\/api.w.org\/{rel}","templated":true}]}}