{"id":29240,"date":"2018-05-02T14:53:09","date_gmt":"2018-05-02T11:53:09","guid":{"rendered":"http:\/\/sulax.fi\/?page_id=29240"},"modified":"2019-02-11T13:24:26","modified_gmt":"2019-02-11T11:24:26","slug":"installation","status":"publish","type":"page","link":"https:\/\/sulax.fi\/sv\/installation\/","title":{"rendered":"Installation"},"content":{"rendered":"<p>[et_pb_section fb_built=&#8221;1&#8243; _builder_version=&#8221;3.2&#8243; background_image=&#8221;https:\/\/sulax.fi\/wp-content\/uploads\/2018\/05\/window-2.jpg&#8221;][et_pb_row _builder_version=&#8221;3.0.106&#8243;][et_pb_column type=&#8221;4_4&#8243; _builder_version=&#8221;3.0.47&#8243; parallax=&#8221;off&#8221; parallax_method=&#8221;on&#8221;][et_pb_text _builder_version=&#8221;3.2&#8243; header_text_align=&#8221;center&#8221;]<\/p>\n<h1>Installation<\/h1>\n<p>[\/et_pb_text][\/et_pb_column][\/et_pb_row][\/et_pb_section][et_pb_section fb_built=&#8221;1&#8243; admin_label=&#8221;section&#8221; _builder_version=&#8221;3.0.47&#8243;][et_pb_row admin_label=&#8221;row&#8221; _builder_version=&#8221;3.0.47&#8243; background_size=&#8221;initial&#8221; background_position=&#8221;top_left&#8221; background_repeat=&#8221;repeat&#8221;][et_pb_column type=&#8221;4_4&#8243; _builder_version=&#8221;3.0.47&#8243; parallax=&#8221;off&#8221; parallax_method=&#8221;on&#8221;][et_pb_text _builder_version=&#8221;3.19.5&#8243;]<\/p>\n<p>I bladet finns tv\u00e5 ledningar, (+) och (-), ingen skillnad p\u00e5 (+) och (-) vid koppling.<\/p>\n<p>VIKTIGT!<\/p>\n<p>Undvik att installera de str\u00f6mf\u00f6rande kablarna f\u00f6r sp\u00e4nt s\u00e5 att torkaren kan r\u00f6ra sej fritt.<\/p>\n<p>Installationskittet<\/p>\n<p>Anslut s\u00e4kringen omedelbart efter att batteriet \u00e4r kopplat till (+) mellan ledningarna, 15A s\u00e4kring.<\/p>\n<p>Fr\u00e5n brytaren drar du sladden till rel\u00e4t, till koppling nr. 30.<\/p>\n<p>Fr\u00e5n koppling nr. 87 drar man sladden till torkarbladet.<\/p>\n<p>Anv\u00e4nd en 2-polig str\u00f6mf\u00f6rande kabel till rel\u00e4t. Varifr\u00e5n den andra \u00e4r str\u00f6mf\u00f6rande (+) och den andra \u00e4r jordad (-) som kopplas till fordonskarossen.<\/p>\n<p>Rel\u00e4 polen 85 ansluts till fordonskarossen.<\/p>\n<p>Installera brytaren till fordonets instrumentbr\u00e4da eller annan l\u00e4mplig plats.<\/p>\n<p>Den str\u00f6mf\u00f6rande ledningen som kommer fr\u00e5n bilens str\u00f6ml\u00e5s dras till brytaren POWER nr. 1.<\/p>\n<p>Brytarens koppling ACC nr. 2 dras till rel\u00e4ts koppling nr. 86.<\/p>\n<p>Brytarens koppling GROUND nr. 3 ansluts till fordonets kaross.<\/p>\n<p>Med en krympslang kan man skydda kopplingarnas fogar.<\/p>\n<p>Genomskinliga kontakter drar ihop sej n\u00e4r man v\u00e4rmer dem med tex. t\u00e4ndare eller<\/p>\n<p>varmlufts bl\u00e5sare s\u00e5 att de blir vattent\u00e4ta.<\/p>\n<p>Detta \u00e4r n\u00f6dv\u00e4ndigt s\u00e5vida fogarna blir utsatta f\u00f6r fukt eller salt.<\/p>\n<p>Str\u00f6mkonsumtionen \u00e4r tillr\u00e4cklig f\u00f6r att t\u00f6mma ett fulladdat batteri om brytaren l\u00e4mnas p\u00e5.<\/p>\n<p>JORDNINGEN B\u00d6R G\u00d6RAS ORDENTLIGT!<\/p>\n<p>Rel\u00e4 plintarna<\/p>\n<ul>\n<li>30 = Huvudstr\u00f6mmen (direkt fr\u00e5n batteriet, genom s\u00e4kringen)<\/li>\n<li>85 = Jord (f\u00f6rs\u00e4kra dej om att det \u00e4r ordentligt jordat)<\/li>\n<li>86 = Styrstr\u00f6m ( tex. bakom str\u00f6ml\u00e5set)<\/li>\n<li>87 = Torkarbladets plus sladd<\/li>\n<\/ul>\n<p>&nbsp;<\/p>\n<p>[\/et_pb_text][\/et_pb_column][\/et_pb_row][\/et_pb_section]<\/p>\n","protected":false},"excerpt":{"rendered":"<p>Installation I bladet finns tv\u00e5 ledningar, (+) och (-), ingen skillnad p\u00e5 (+) och (-) vid koppling. VIKTIGT! Undvik att installera de str\u00f6mf\u00f6rande kablarna f\u00f6r sp\u00e4nt s\u00e5 att torkaren kan r\u00f6ra sej fritt. Installationskittet Anslut s\u00e4kringen omedelbart efter att batteriet \u00e4r kopplat till (+) mellan ledningarna, 15A s\u00e4kring. Fr\u00e5n brytaren drar du sladden till rel\u00e4t, [&hellip;]<\/p>\n","protected":false},"author":6,"featured_media":0,"parent":0,"menu_order":0,"comment_status":"closed","ping_status":"closed","template":"","meta":{"_et_pb_use_builder":"on","_et_pb_old_content":"","_et_gb_content_width":"","footnotes":""},"class_list":["post-29240","page","type-page","status-publish","hentry"],"yoast_head":"<!-- This site is optimized with the Yoast SEO plugin v27.3 - https:\/\/yoast.com\/product\/yoast-seo-wordpress\/ -->\n<title>Installation - Sulax.fi sulat<\/title>\n<meta name=\"robots\" content=\"index, follow, max-snippet:-1, max-image-preview:large, max-video-preview:-1\" \/>\n<link rel=\"canonical\" href=\"https:\/\/sulax.fi\/sv\/installation\/\" \/>\n<meta property=\"og:locale\" content=\"sv_SE\" \/>\n<meta property=\"og:type\" content=\"article\" \/>\n<meta property=\"og:title\" content=\"Installation - Sulax.fi sulat\" \/>\n<meta property=\"og:description\" content=\"Installation I bladet finns tv\u00e5 ledningar, (+) och (-), ingen skillnad p\u00e5 (+) och (-) vid koppling. VIKTIGT! Undvik att installera de str\u00f6mf\u00f6rande kablarna f\u00f6r sp\u00e4nt s\u00e5 att torkaren kan r\u00f6ra sej fritt. Installationskittet Anslut s\u00e4kringen omedelbart efter att batteriet \u00e4r kopplat till (+) mellan ledningarna, 15A s\u00e4kring. Fr\u00e5n brytaren drar du sladden till rel\u00e4t, [&hellip;]\" \/>\n<meta property=\"og:url\" content=\"https:\/\/sulax.fi\/sv\/installation\/\" \/>\n<meta property=\"og:site_name\" content=\"Sulax.fi sulat\" \/>\n<meta property=\"article:publisher\" content=\"https:\/\/www.facebook.com\/Sulax.fi\/\" \/>\n<meta property=\"article:modified_time\" content=\"2019-02-11T11:24:26+00:00\" \/>\n<meta name=\"twitter:card\" content=\"summary_large_image\" \/>\n<meta name=\"twitter:label1\" content=\"Ber\u00e4knad l\u00e4stid\" \/>\n\t<meta name=\"twitter:data1\" content=\"2 minuter\" \/>\n<script type=\"application\/ld+json\" class=\"yoast-schema-graph\">{\"@context\":\"https:\\\/\\\/schema.org\",\"@graph\":[{\"@type\":\"WebPage\",\"@id\":\"https:\\\/\\\/sulax.fi\\\/sv\\\/installation\\\/\",\"url\":\"https:\\\/\\\/sulax.fi\\\/sv\\\/installation\\\/\",\"name\":\"Installation - Sulax.fi sulat\",\"isPartOf\":{\"@id\":\"https:\\\/\\\/sulax.fi\\\/#website\"},\"datePublished\":\"2018-05-02T11:53:09+00:00\",\"dateModified\":\"2019-02-11T11:24:26+00:00\",\"breadcrumb\":{\"@id\":\"https:\\\/\\\/sulax.fi\\\/sv\\\/installation\\\/#breadcrumb\"},\"inLanguage\":\"sv-SE\",\"potentialAction\":[{\"@type\":\"ReadAction\",\"target\":[\"https:\\\/\\\/sulax.fi\\\/sv\\\/installation\\\/\"]}]},{\"@type\":\"BreadcrumbList\",\"@id\":\"https:\\\/\\\/sulax.fi\\\/sv\\\/installation\\\/#breadcrumb\",\"itemListElement\":[{\"@type\":\"ListItem\",\"position\":1,\"name\":\"Home\",\"item\":\"https:\\\/\\\/sulax.fi\\\/sv\\\/\"},{\"@type\":\"ListItem\",\"position\":2,\"name\":\"Installation\"}]},{\"@type\":\"WebSite\",\"@id\":\"https:\\\/\\\/sulax.fi\\\/#website\",\"url\":\"https:\\\/\\\/sulax.fi\\\/\",\"name\":\"Sulax.fi\",\"description\":\"Sulattaa j\u00e4\u00e4n!\",\"publisher\":{\"@id\":\"https:\\\/\\\/sulax.fi\\\/#organization\"},\"potentialAction\":[{\"@type\":\"SearchAction\",\"target\":{\"@type\":\"EntryPoint\",\"urlTemplate\":\"https:\\\/\\\/sulax.fi\\\/?s={search_term_string}\"},\"query-input\":{\"@type\":\"PropertyValueSpecification\",\"valueRequired\":true,\"valueName\":\"search_term_string\"}}],\"inLanguage\":\"sv-SE\"},{\"@type\":\"Organization\",\"@id\":\"https:\\\/\\\/sulax.fi\\\/#organization\",\"name\":\"Sulax\",\"url\":\"https:\\\/\\\/sulax.fi\\\/\",\"logo\":{\"@type\":\"ImageObject\",\"inLanguage\":\"sv-SE\",\"@id\":\"https:\\\/\\\/sulax.fi\\\/#\\\/schema\\\/logo\\\/image\\\/\",\"url\":\"https:\\\/\\\/sulax.fi\\\/wp-content\\\/uploads\\\/2018\\\/04\\\/sulax-logo.png\",\"contentUrl\":\"https:\\\/\\\/sulax.fi\\\/wp-content\\\/uploads\\\/2018\\\/04\\\/sulax-logo.png\",\"width\":600,\"height\":197,\"caption\":\"Sulax\"},\"image\":{\"@id\":\"https:\\\/\\\/sulax.fi\\\/#\\\/schema\\\/logo\\\/image\\\/\"},\"sameAs\":[\"https:\\\/\\\/www.facebook.com\\\/Sulax.fi\\\/\"]}]}<\/script>\n<!-- \/ Yoast SEO plugin. -->","yoast_head_json":{"title":"Installation - Sulax.fi sulat","robots":{"index":"index","follow":"follow","max-snippet":"max-snippet:-1","max-image-preview":"max-image-preview:large","max-video-preview":"max-video-preview:-1"},"canonical":"https:\/\/sulax.fi\/sv\/installation\/","og_locale":"sv_SE","og_type":"article","og_title":"Installation - Sulax.fi sulat","og_description":"Installation I bladet finns tv\u00e5 ledningar, (+) och (-), ingen skillnad p\u00e5 (+) och (-) vid koppling. VIKTIGT! Undvik att installera de str\u00f6mf\u00f6rande kablarna f\u00f6r sp\u00e4nt s\u00e5 att torkaren kan r\u00f6ra sej fritt. Installationskittet Anslut s\u00e4kringen omedelbart efter att batteriet \u00e4r kopplat till (+) mellan ledningarna, 15A s\u00e4kring. Fr\u00e5n brytaren drar du sladden till rel\u00e4t, [&hellip;]","og_url":"https:\/\/sulax.fi\/sv\/installation\/","og_site_name":"Sulax.fi sulat","article_publisher":"https:\/\/www.facebook.com\/Sulax.fi\/","article_modified_time":"2019-02-11T11:24:26+00:00","twitter_card":"summary_large_image","twitter_misc":{"Ber\u00e4knad l\u00e4stid":"2 minuter"},"schema":{"@context":"https:\/\/schema.org","@graph":[{"@type":"WebPage","@id":"https:\/\/sulax.fi\/sv\/installation\/","url":"https:\/\/sulax.fi\/sv\/installation\/","name":"Installation - Sulax.fi sulat","isPartOf":{"@id":"https:\/\/sulax.fi\/#website"},"datePublished":"2018-05-02T11:53:09+00:00","dateModified":"2019-02-11T11:24:26+00:00","breadcrumb":{"@id":"https:\/\/sulax.fi\/sv\/installation\/#breadcrumb"},"inLanguage":"sv-SE","potentialAction":[{"@type":"ReadAction","target":["https:\/\/sulax.fi\/sv\/installation\/"]}]},{"@type":"BreadcrumbList","@id":"https:\/\/sulax.fi\/sv\/installation\/#breadcrumb","itemListElement":[{"@type":"ListItem","position":1,"name":"Home","item":"https:\/\/sulax.fi\/sv\/"},{"@type":"ListItem","position":2,"name":"Installation"}]},{"@type":"WebSite","@id":"https:\/\/sulax.fi\/#website","url":"https:\/\/sulax.fi\/","name":"Sulax.fi","description":"Sulattaa j\u00e4\u00e4n!","publisher":{"@id":"https:\/\/sulax.fi\/#organization"},"potentialAction":[{"@type":"SearchAction","target":{"@type":"EntryPoint","urlTemplate":"https:\/\/sulax.fi\/?s={search_term_string}"},"query-input":{"@type":"PropertyValueSpecification","valueRequired":true,"valueName":"search_term_string"}}],"inLanguage":"sv-SE"},{"@type":"Organization","@id":"https:\/\/sulax.fi\/#organization","name":"Sulax","url":"https:\/\/sulax.fi\/","logo":{"@type":"ImageObject","inLanguage":"sv-SE","@id":"https:\/\/sulax.fi\/#\/schema\/logo\/image\/","url":"https:\/\/sulax.fi\/wp-content\/uploads\/2018\/04\/sulax-logo.png","contentUrl":"https:\/\/sulax.fi\/wp-content\/uploads\/2018\/04\/sulax-logo.png","width":600,"height":197,"caption":"Sulax"},"image":{"@id":"https:\/\/sulax.fi\/#\/schema\/logo\/image\/"},"sameAs":["https:\/\/www.facebook.com\/Sulax.fi\/"]}]}},"jetpack_sharing_enabled":true,"_links":{"self":[{"href":"https:\/\/sulax.fi\/sv\/wp-json\/wp\/v2\/pages\/29240","targetHints":{"allow":["GET"]}}],"collection":[{"href":"https:\/\/sulax.fi\/sv\/wp-json\/wp\/v2\/pages"}],"about":[{"href":"https:\/\/sulax.fi\/sv\/wp-json\/wp\/v2\/types\/page"}],"author":[{"embeddable":true,"href":"https:\/\/sulax.fi\/sv\/wp-json\/wp\/v2\/users\/6"}],"replies":[{"embeddable":true,"href":"https:\/\/sulax.fi\/sv\/wp-json\/wp\/v2\/comments?post=29240"}],"version-history":[{"count":2,"href":"https:\/\/sulax.fi\/sv\/wp-json\/wp\/v2\/pages\/29240\/revisions"}],"predecessor-version":[{"id":29483,"href":"https:\/\/sulax.fi\/sv\/wp-json\/wp\/v2\/pages\/29240\/revisions\/29483"}],"wp:attachment":[{"href":"https:\/\/sulax.fi\/sv\/wp-json\/wp\/v2\/media?parent=29240"}],"curies":[{"name":"wp","href":"https:\/\/api.w.org\/{rel}","templated":true}]}}